{"id":191,"date":"2025-01-07T12:58:48","date_gmt":"2025-01-07T11:58:48","guid":{"rendered":"https:\/\/soonsabodycare.com\/?page_id=191"},"modified":"2025-01-07T13:14:15","modified_gmt":"2025-01-07T12:14:15","slug":"nos-plantes","status":"publish","type":"page","link":"https:\/\/soonsabodycare.com\/index.php\/nos-plantes\/","title":{"rendered":"NOS PLANTES"},"content":{"rendered":"<p>[et_pb_section fb_built=&#8221;1&#8243; _builder_version=&#8221;4.22.1&#8243; _module_preset=&#8221;default&#8221; background_image=&#8221;http:\/\/soonsabodycare.com\/wp-content\/uploads\/2025\/01\/Design-sans-titre-2025-01-07T131021.472.png&#8221; global_colors_info=&#8221;{}&#8221; custom_padding=&#8221;196px||170px|||&#8221;][et_pb_row _builder_version=&#8221;4.22.1&#8243; _module_preset=&#8221;default&#8221; global_colors_info=&#8221;{}&#8221;][et_pb_column type=&#8221;4_4&#8243; _builder_version=&#8221;4.22.1&#8243; _module_preset=&#8221;default&#8221; global_colors_info=&#8221;{}&#8221;][et_pb_text _builder_version=&#8221;4.22.1&#8243; _module_preset=&#8221;default&#8221; text_text_color=&#8221;#FFFFFF&#8221; text_font_size=&#8221;62px&#8221; text_orientation=&#8221;center&#8221; global_colors_info=&#8221;{}&#8221;]<\/p>\n<p>NOS PLANTES<\/p>\n<p>[\/et_pb_text][\/et_pb_column][\/et_pb_row][\/et_pb_section][et_pb_section fb_built=&#8221;1&#8243; _builder_version=&#8221;4.22.1&#8243; _module_preset=&#8221;default&#8221; global_colors_info=&#8221;{}&#8221;][et_pb_row column_structure=&#8221;1_2,1_2&#8243; _builder_version=&#8221;4.22.1&#8243; _module_preset=&#8221;default&#8221; global_colors_info=&#8221;{}&#8221;][et_pb_column type=&#8221;1_2&#8243; _builder_version=&#8221;4.22.1&#8243; _module_preset=&#8221;default&#8221; global_colors_info=&#8221;{}&#8221;][et_pb_image src=&#8221;http:\/\/soonsabodycare.com\/wp-content\/uploads\/2025\/01\/0e1f9795-5505-4cfc-b216-5a4fcf30f168.jpg&#8221; title_text=&#8221;0e1f9795-5505-4cfc-b216-5a4fcf30f168&#8243; _builder_version=&#8221;4.22.1&#8243; _module_preset=&#8221;default&#8221; width=&#8221;54%&#8221; custom_margin=&#8221;|299px||||&#8221; global_colors_info=&#8221;{}&#8221;][\/et_pb_image][\/et_pb_column][et_pb_column type=&#8221;1_2&#8243; _builder_version=&#8221;4.22.1&#8243; _module_preset=&#8221;default&#8221; global_colors_info=&#8221;{}&#8221;][et_pb_text _builder_version=&#8221;4.22.1&#8243; _module_preset=&#8221;default&#8221; text_text_color=&#8221;gcid-97182601-61ab-4626-954a-29b0757ae92a&#8221; text_font_size=&#8221;33px&#8221; custom_margin=&#8221;|||-240px||&#8221; custom_padding=&#8221;||0px|||&#8221; global_colors_info=&#8221;{%22gcid-97182601-61ab-4626-954a-29b0757ae92a%22:%91%22text_text_color%22%93}&#8221;]<\/p>\n<p>KHAMARE TIEP`<\/p>\n<p>[\/et_pb_text][et_pb_text _builder_version=&#8221;4.22.1&#8243; _module_preset=&#8221;default&#8221; text_font=&#8221;||on||||||&#8221; text_text_color=&#8221;#000000&#8243; text_font_size=&#8221;22px&#8221; custom_margin=&#8221;|||-240px||&#8221; custom_padding=&#8221;||0px|||&#8221; global_colors_info=&#8221;{}&#8221;]<\/p>\n<p>(racine de velvetier)<\/p>\n<p>[\/et_pb_text][et_pb_text _builder_version=&#8221;4.22.1&#8243; _module_preset=&#8221;default&#8221; text_font=&#8221;||||||||&#8221; text_text_color=&#8221;#000000&#8243; custom_margin=&#8221;|||-240px||&#8221; custom_padding=&#8221;||0px|||&#8221; global_colors_info=&#8221;{}&#8221;]<\/p>\n<p>Traditionnellement utilis\u00e9 par les femmes pour purifier l\u2019eau et maintenir l\u2019\u00e9quilibre hormonal.<br \/>Elles sont r\u00e9put\u00e9es pour leurs effets apaisants, anti-inflammatoires et antibact\u00e9riens. Elles participe<br \/>\u00e0 l\u2019\u00e9quilibre hormonal : apaise les r\u00e8gles douloureuses; pr\u00e9vient les infections urinaires ou vaginales; nettoie et purifie le ventre.<\/p>\n<p><strong>Conseil d\u2019utilisation :<\/strong><br \/>En d\u00e9coction 2 tiges de Vetiver pour 2 litres d\u2019eau. Laisser refroidir et consommer tout au long de la journ\u00e9e. Les racines sont r\u00e9utilisables jusqu\u2019\u00e0 3 fois.<br \/>En infusion froide : infuser quelques heures une tige de Vetiver dans 1 litre d\u2019eau.<\/p>\n<p><strong>Conservation:<\/strong><br \/>A conserver dans un endroit frais, sec et \u00e0 l\u2019abri de la lumi\u00e8re. Bien refermer le sachet apr\u00e8s ouverture.<\/p>\n<p>[\/et_pb_text][\/et_pb_column][\/et_pb_row][\/et_pb_section][et_pb_section fb_built=&#8221;1&#8243; _builder_version=&#8221;4.22.1&#8243; _module_preset=&#8221;default&#8221; background_color=&#8221;gcid-904649ba-8489-45ef-bc4d-794bd4d0fcba&#8221; global_colors_info=&#8221;{%22gcid-904649ba-8489-45ef-bc4d-794bd4d0fcba%22:%91%22background_color%22%93}&#8221;][et_pb_row column_structure=&#8221;1_2,1_2&#8243; _builder_version=&#8221;4.22.1&#8243; _module_preset=&#8221;default&#8221; global_colors_info=&#8221;{}&#8221;][et_pb_column type=&#8221;1_2&#8243; _builder_version=&#8221;4.22.1&#8243; _module_preset=&#8221;default&#8221; global_colors_info=&#8221;{}&#8221;][et_pb_image src=&#8221;http:\/\/soonsabodycare.com\/wp-content\/uploads\/2025\/01\/5c0cf775-9226-47f3-8de2-4460c58c53a4.jpg&#8221; title_text=&#8221;5c0cf775-9226-47f3-8de2-4460c58c53a4&#8243; _builder_version=&#8221;4.22.1&#8243; _module_preset=&#8221;default&#8221; width=&#8221;54%&#8221; custom_margin=&#8221;|299px||||&#8221; global_colors_info=&#8221;{}&#8221;][\/et_pb_image][\/et_pb_column][et_pb_column type=&#8221;1_2&#8243; _builder_version=&#8221;4.22.1&#8243; _module_preset=&#8221;default&#8221; global_colors_info=&#8221;{}&#8221;][et_pb_text _builder_version=&#8221;4.22.1&#8243; _module_preset=&#8221;default&#8221; text_text_color=&#8221;gcid-97182601-61ab-4626-954a-29b0757ae92a&#8221; text_font_size=&#8221;33px&#8221; custom_margin=&#8221;|||-240px||&#8221; custom_padding=&#8221;||0px|||&#8221; global_colors_info=&#8221;{%22gcid-97182601-61ab-4626-954a-29b0757ae92a%22:%91%22text_text_color%22%93}&#8221;]<\/p>\n<p>POUDRE DE PULPE DU FRUIT DE BAOBAB<\/p>\n<p>[\/et_pb_text][et_pb_text _builder_version=&#8221;4.22.1&#8243; _module_preset=&#8221;default&#8221; text_font=&#8221;||on||||||&#8221; text_text_color=&#8221;#000000&#8243; text_font_size=&#8221;22px&#8221; custom_margin=&#8221;|||-240px||&#8221; custom_padding=&#8221;||0px|||&#8221; global_colors_info=&#8221;{}&#8221;]<\/p>\n<p>(bouye)<\/p>\n<p>[\/et_pb_text][et_pb_text _builder_version=&#8221;4.22.1&#8243; _module_preset=&#8221;default&#8221; text_font=&#8221;||||||||&#8221; text_text_color=&#8221;#000000&#8243; custom_margin=&#8221;|||-240px||&#8221; custom_padding=&#8221;||0px|||&#8221; global_colors_info=&#8221;{}&#8221;]<\/p>\n<p>Exceptionnellement riche en vitamine C, la pulpe de fruits de Baobab est au moins 6 fois plus concentr\u00e9e en vitamine C que les oranges.<br \/>Riche en calcium, cette poudre contribue \u00e0 une alimentation saine et \u00e9quilibr\u00e9e.<br \/>Son go\u00fbt naturellement acidul\u00e9, fruit\u00e9 et l\u00e9g\u00e8rement sucr\u00e9 est parfait dans les jus et smoothies.<br \/>Facilite le transite.<\/p>\n<p><strong>Conseil d\u2019utilisation :<\/strong><br \/>Incorporer 2 cuill\u00e8res \u00e0 caf\u00e9 dans un verre d\u2019eau , de jus de fruits, dans un smoothie, un yaourt ou dans vos pr\u00e9parations culinaires sucr\u00e9es.<br \/>Gourmande et di\u00e9t\u00e9tique, la poudre de pulpe de fruits de Baobab remplace id\u00e9alement le sucre dans vos yaourts.<\/p>\n<p><strong>Conservation:<\/strong><br \/>A conserver dans un endroit frais, sec et \u00e0 l\u2019abri de la lumi\u00e8re. Bien refermer le sachet apr\u00e8s ouverture.<\/p>\n<p>[\/et_pb_text][\/et_pb_column][\/et_pb_row][\/et_pb_section][et_pb_section fb_built=&#8221;1&#8243; _builder_version=&#8221;4.22.1&#8243; _module_preset=&#8221;default&#8221; global_colors_info=&#8221;{}&#8221;][et_pb_row column_structure=&#8221;1_2,1_2&#8243; _builder_version=&#8221;4.22.1&#8243; _module_preset=&#8221;default&#8221; global_colors_info=&#8221;{}&#8221;][et_pb_column type=&#8221;1_2&#8243; _builder_version=&#8221;4.22.1&#8243; _module_preset=&#8221;default&#8221; global_colors_info=&#8221;{}&#8221;][et_pb_image src=&#8221;http:\/\/soonsabodycare.com\/wp-content\/uploads\/2025\/01\/f223dfcd-c8f5-4801-a058-abc36f28752e.jpg&#8221; title_text=&#8221;f223dfcd-c8f5-4801-a058-abc36f28752e&#8221; _builder_version=&#8221;4.22.1&#8243; _module_preset=&#8221;default&#8221; width=&#8221;54%&#8221; custom_margin=&#8221;|299px||||&#8221; global_colors_info=&#8221;{}&#8221;][\/et_pb_image][\/et_pb_column][et_pb_column type=&#8221;1_2&#8243; _builder_version=&#8221;4.22.1&#8243; _module_preset=&#8221;default&#8221; global_colors_info=&#8221;{}&#8221;][et_pb_text _builder_version=&#8221;4.22.1&#8243; _module_preset=&#8221;default&#8221; text_text_color=&#8221;gcid-97182601-61ab-4626-954a-29b0757ae92a&#8221; text_font_size=&#8221;33px&#8221; custom_margin=&#8221;|||-240px||&#8221; custom_padding=&#8221;||0px|||&#8221; global_colors_info=&#8221;{%22gcid-97182601-61ab-4626-954a-29b0757ae92a%22:%91%22text_text_color%22%93}&#8221;]<\/p>\n<p>POUDRE DE PULPE DU FRUIT DE N\u00c9B\u00c9DAY`<\/p>\n<p>[\/et_pb_text][et_pb_text _builder_version=&#8221;4.22.1&#8243; _module_preset=&#8221;default&#8221; text_font=&#8221;||on||||||&#8221; text_text_color=&#8221;#000000&#8243; text_font_size=&#8221;22px&#8221; custom_margin=&#8221;|||-240px||&#8221; custom_padding=&#8221;||0px|||&#8221; global_colors_info=&#8221;{}&#8221;]<\/p>\n<p>(moringa)<\/p>\n<p>[\/et_pb_text][et_pb_text _builder_version=&#8221;4.22.1&#8243; _module_preset=&#8221;default&#8221; text_font=&#8221;||||||||&#8221; text_text_color=&#8221;#000000&#8243; custom_margin=&#8221;|||-240px||&#8221; custom_padding=&#8221;||0px|||&#8221; global_colors_info=&#8221;{}&#8221;]<\/p>\n<p>La poudre de Moringa, offre plusieurs bienfaits gr\u00e2ce \u00e0 sa composition riche en nutriments : source exceptionnelle de vitamines (notamment A, C et E), de min\u00e9raux (comme le Fer, le Calcium<br \/>et le Potassium) et d&#8217;acides amin\u00e9s essentiels: Propri\u00e9t\u00e9s antioxydantes \/ R\u00e9gulation de la glyc\u00e9mie \/ Effet anti-inflammatoire \/ Protection cardiovasculaire \/ Soutien du syst\u00e8me immunitaire \/ Am\u00e9lioration de la sant\u00e9 digestive<\/p>\n<p><strong>Conseil d\u2019utilisation :<\/strong><br \/>Il est pr\u00e9f\u00e9rable d&#8217;augmenter les doses au fur et \u00e0 mesure afin de ne pas subir des effets secondaires d\u00e9sagr\u00e9ables. En cure ou pour le plaisir, 2 \u00e0 6 g de Moringa en poudre, soit 1 \u00e0 3 cuill\u00e8re(s) \u00e0 caf\u00e9 de poudre de Moringa par jour.<br \/>Nous vous conseillons de l&#8217;utiliser durant le(s) repas pour profiter au mieux de ses bienfaits :<br \/>* Petit-d\u00e9jeuner \/ D\u00e9jeuner \/ En-cas \/ D\u00eener<\/p>\n<p><strong>Conservation:<\/strong><br \/>A conserver dans un endroit frais, sec et \u00e0 l\u2019abri de la lumi\u00e8re. Bien refermer le sachet apr\u00e8s ouverture.<\/p>\n<p>[\/et_pb_text][\/et_pb_column][\/et_pb_row][\/et_pb_section][et_pb_section fb_built=&#8221;1&#8243; _builder_version=&#8221;4.22.1&#8243; _module_preset=&#8221;default&#8221; background_color=&#8221;gcid-904649ba-8489-45ef-bc4d-794bd4d0fcba&#8221; global_colors_info=&#8221;{%22gcid-904649ba-8489-45ef-bc4d-794bd4d0fcba%22:%91%22background_color%22%93}&#8221;][et_pb_row column_structure=&#8221;1_2,1_2&#8243; _builder_version=&#8221;4.22.1&#8243; _module_preset=&#8221;default&#8221; global_colors_info=&#8221;{}&#8221;][et_pb_column type=&#8221;1_2&#8243; _builder_version=&#8221;4.22.1&#8243; _module_preset=&#8221;default&#8221; global_colors_info=&#8221;{}&#8221;][et_pb_image src=&#8221;http:\/\/soonsabodycare.com\/wp-content\/uploads\/2025\/01\/5c0cf775-9226-47f3-8de2-4460c58c53a4.jpg&#8221; title_text=&#8221;5c0cf775-9226-47f3-8de2-4460c58c53a4&#8243; _builder_version=&#8221;4.22.1&#8243; _module_preset=&#8221;default&#8221; width=&#8221;54%&#8221; custom_margin=&#8221;|299px||||&#8221; global_colors_info=&#8221;{}&#8221;][\/et_pb_image][\/et_pb_column][et_pb_column type=&#8221;1_2&#8243; _builder_version=&#8221;4.22.1&#8243; _module_preset=&#8221;default&#8221; global_colors_info=&#8221;{}&#8221;][et_pb_text _builder_version=&#8221;4.22.1&#8243; _module_preset=&#8221;default&#8221; text_text_color=&#8221;gcid-97182601-61ab-4626-954a-29b0757ae92a&#8221; text_font_size=&#8221;33px&#8221; custom_margin=&#8221;|||-240px||&#8221; custom_padding=&#8221;||0px|||&#8221; global_colors_info=&#8221;{%22gcid-97182601-61ab-4626-954a-29b0757ae92a%22:%91%22text_text_color%22%93}&#8221;]<\/p>\n<p>GRAINES DE NEP NEP<\/p>\n<p>[\/et_pb_text][et_pb_text _builder_version=&#8221;4.22.1&#8243; _module_preset=&#8221;default&#8221; text_font=&#8221;||||||||&#8221; text_text_color=&#8221;#000000&#8243; custom_margin=&#8221;|||-240px||&#8221; custom_padding=&#8221;||0px|||&#8221; global_colors_info=&#8221;{}&#8221;]<\/p>\n<p>Les graines de Nep Nep renferment du sodium, du potassium et du magn\u00e9sium. Elle nettoie et raffermit les parties g\u00e9nitale en \u00e9liminant les mauvaises odeurs. Tr\u00e8s efficace apr\u00e8s l&#8217;accouchement, une infusion de Nep Nep permet de nettoyer le ventre de ses impuret\u00e9s.<br \/>C&#8217;est un rem\u00e8de utilis\u00e9 pour ses propri\u00e9t\u00e9s: Antibiotiques, Anti-inflammatoires, Antispasmodiques.<br \/>C&#8217;est un aphrodisiaque naturel, rendant les zones \u00e9rog\u00e8nes plus sensibles et ainsi am\u00e9liorant le plaisir sexuel.<\/p>\n<p><strong>Conseil d\u2019utilisation :<\/strong><br \/>Rincez une ou plusieurs gousses pour obtenir environ 5 graines de Nep Nep. Ouvrir la ou les<br \/>gousses et mettre les graines avec les gousses (car elles sont pleines de bienfaits) dans une casserole.<br \/>Faire bouillir dans 1 litre d\u2019eau vos graines avec leurs gousses pendant 10 \u00e0 15 min.<br \/>Filtrer l&#8217;eau ainsi obtenue.<br \/>Boire chaud le soir, comme une infusion.<\/p>\n<p><strong>Conservation:<\/strong><br \/>A conserver dans un endroit frais, sec et \u00e0 l\u2019abri de la lumi\u00e8re. Bien refermer le sachet apr\u00e8s ouverture.<\/p>\n<p>[\/et_pb_text][\/et_pb_column][\/et_pb_row][\/et_pb_section]<\/p>\n","protected":false},"excerpt":{"rendered":"<p>NOS PLANTESKHAMARE TIEP`(racine de velvetier)Traditionnellement utilis\u00e9 par les femmes pour purifier l\u2019eau et maintenir l\u2019\u00e9quilibre hormonal.Elles sont r\u00e9put\u00e9es pour leurs effets apaisants, anti-inflammatoires et antibact\u00e9riens. Elles participe\u00e0 l\u2019\u00e9quilibre hormonal : apaise les r\u00e8gles douloureuses; pr\u00e9vient les infections urinaires ou vaginales; nettoie et purifie le ventre. Conseil d\u2019utilisation :En d\u00e9coction 2 tiges de Vetiver pour 2 [&hellip;]<\/p>\n","protected":false},"author":1,"featured_media":0,"parent":0,"menu_order":0,"comment_status":"closed","ping_status":"closed","template":"","meta":{"_et_pb_use_builder":"on","_et_pb_old_content":"","_et_gb_content_width":"","footnotes":""},"class_list":["post-191","page","type-page","status-publish","hentry"],"_links":{"self":[{"href":"https:\/\/soonsabodycare.com\/index.php\/wp-json\/wp\/v2\/pages\/191","targetHints":{"allow":["GET"]}}],"collection":[{"href":"https:\/\/soonsabodycare.com\/index.php\/wp-json\/wp\/v2\/pages"}],"about":[{"href":"https:\/\/soonsabodycare.com\/index.php\/wp-json\/wp\/v2\/types\/page"}],"author":[{"embeddable":true,"href":"https:\/\/soonsabodycare.com\/index.php\/wp-json\/wp\/v2\/users\/1"}],"replies":[{"embeddable":true,"href":"https:\/\/soonsabodycare.com\/index.php\/wp-json\/wp\/v2\/comments?post=191"}],"version-history":[{"count":4,"href":"https:\/\/soonsabodycare.com\/index.php\/wp-json\/wp\/v2\/pages\/191\/revisions"}],"predecessor-version":[{"id":198,"href":"https:\/\/soonsabodycare.com\/index.php\/wp-json\/wp\/v2\/pages\/191\/revisions\/198"}],"wp:attachment":[{"href":"https:\/\/soonsabodycare.com\/index.php\/wp-json\/wp\/v2\/media?parent=191"}],"curies":[{"name":"wp","href":"https:\/\/api.w.org\/{rel}","templated":true}]}}